{"id":718,"date":"2025-11-18T11:12:09","date_gmt":"2025-11-18T16:12:09","guid":{"rendered":"https:\/\/asistentevirtual.work\/?page_id=718"},"modified":"2026-03-10T12:34:45","modified_gmt":"2026-03-10T17:34:45","slug":"servicio-al-cliente","status":"publish","type":"page","link":"https:\/\/asistentevirtual.work\/en\/servicio-al-cliente\/","title":{"rendered":"Customer Service"},"content":{"rendered":"<section class=\"l-section wpb_row height_small\"><div class=\"l-section-h i-cf\"><div class=\"g-cols vc_row via_flex valign_top type_default stacking_default\"><div class=\"vc_col-sm-6 wpb_column vc_column_container\"><div class=\"vc_column-inner us_custom_52c500a2\"><div class=\"wpb_wrapper\"><h1 class=\"w-text us_custom_4123a061\"><span class=\"w-text-h\"><span class=\"w-text-value\">Virtual Assistants for Customer Service<\/span><\/span><\/h1><div class=\"wpb_text_column\"><div class=\"wpb_wrapper\"><p><strong>Tired of managing in-house support roles?<\/strong><\/p>\n<p>At AsistenteVirtual.Work, we provide the solution. With our team, you can outsource your entire support department, covering:<\/p>\n<ul>\n<li class=\"translation-block\"><strong>Call Center:<\/strong>High-volume call management.<\/li>\n<li class=\"translation-block\"><strong>Intake:<\/strong> Initial contact and lead qualification.<\/li>\n<li class=\"translation-block\"><strong>Customer Service:<\/strong>Post-sale inquiry resolution.<\/li>\n<\/ul>\n<p class=\"translation-block\"><strong>We free you from the operational burden<\/strong> so you can scale your business. <a href=\"https:\/\/api.whatsapp.com\/send\/?phone=17272768625\" target=\"_self\">Book a call with us now!<\/a><\/strong><\/p>\n<\/div><\/div><\/div><\/div><\/div><div class=\"vc_col-sm-6 wpb_column vc_column_container\"><div class=\"vc_column-inner\"><div class=\"wpb_wrapper\"><div class=\"w-image align_none\"><div class=\"w-image-h\"><img decoding=\"async\" width=\"1024\" height=\"683\" src=\"https:\/\/asistentevirtual.work\/wp-content\/uploads\/2025\/11\/pexels-mikhail-nilov-7682340-1024x683.jpg\" class=\"attachment-large size-large\" alt=\"\" loading=\"lazy\" srcset=\"https:\/\/asistentevirtual.work\/wp-content\/uploads\/2025\/11\/pexels-mikhail-nilov-7682340-1024x683.jpg 1024w, https:\/\/asistentevirtual.work\/wp-content\/uploads\/2025\/11\/pexels-mikhail-nilov-7682340-300x200.jpg 300w, https:\/\/asistentevirtual.work\/wp-content\/uploads\/2025\/11\/pexels-mikhail-nilov-7682340-scaled.jpg 240w\" sizes=\"auto, (max-width: 1024px) 100vw, 1024px\" \/><\/div><\/div><\/div><\/div><\/div><\/div><\/div><\/section>","protected":false},"excerpt":{"rendered":"Asistentes Virtuales Para Servicio al Cliente\u00bfHarto de gestionar roles de soporte internos? En AsistenteVirtual.Work, te ofrecemos la soluci\u00f3n.Con nuestro equipo, externalizas tu soporte completo, cubriendo: Call Center: Gesti\u00f3n de volumen de llamadas. Intake: Primer contacto y cualificaci\u00f3n de leads. Customer Service: Soluci\u00f3n de dudas post-venta. Te liberamos de la carga operativa para que escales tu...","protected":false},"author":5,"featured_media":0,"parent":0,"menu_order":0,"comment_status":"closed","ping_status":"closed","template":"","meta":{"footnotes":""},"class_list":["post-718","page","type-page","status-publish","hentry"],"_links":{"self":[{"href":"https:\/\/asistentevirtual.work\/en\/wp-json\/wp\/v2\/pages\/718","targetHints":{"allow":["GET"]}}],"collection":[{"href":"https:\/\/asistentevirtual.work\/en\/wp-json\/wp\/v2\/pages"}],"about":[{"href":"https:\/\/asistentevirtual.work\/en\/wp-json\/wp\/v2\/types\/page"}],"author":[{"embeddable":true,"href":"https:\/\/asistentevirtual.work\/en\/wp-json\/wp\/v2\/users\/5"}],"replies":[{"embeddable":true,"href":"https:\/\/asistentevirtual.work\/en\/wp-json\/wp\/v2\/comments?post=718"}],"version-history":[{"count":4,"href":"https:\/\/asistentevirtual.work\/en\/wp-json\/wp\/v2\/pages\/718\/revisions"}],"predecessor-version":[{"id":1295,"href":"https:\/\/asistentevirtual.work\/en\/wp-json\/wp\/v2\/pages\/718\/revisions\/1295"}],"wp:attachment":[{"href":"https:\/\/asistentevirtual.work\/en\/wp-json\/wp\/v2\/media?parent=718"}],"curies":[{"name":"wp","href":"https:\/\/api.w.org\/{rel}","templated":true}]}}