{"id":716,"date":"2025-11-18T11:11:42","date_gmt":"2025-11-18T16:11:42","guid":{"rendered":"https:\/\/asistentevirtual.work\/?page_id=716"},"modified":"2026-03-10T12:35:11","modified_gmt":"2026-03-10T17:35:11","slug":"soporte-de-marketing","status":"publish","type":"page","link":"https:\/\/asistentevirtual.work\/en\/soporte-de-marketing\/","title":{"rendered":"Marketing Support"},"content":{"rendered":"<section class=\"l-section wpb_row height_small\"><div class=\"l-section-h i-cf\"><div class=\"g-cols vc_row via_flex valign_top type_default stacking_default\"><div class=\"vc_col-sm-6 wpb_column vc_column_container\"><div class=\"vc_column-inner\"><div class=\"wpb_wrapper\"><h1 class=\"w-text us_custom_4123a061\"><span class=\"w-text-h\"><span class=\"w-text-value\">Virtual Assistants for Marketing<\/span><\/span><\/h1><div class=\"wpb_text_column\"><div class=\"wpb_wrapper\"><p><strong>We know you don't have time for social media! <\/strong><\/p>\n<p class=\"translation-block\">At  <strong>AsistenteVirtual.Work<\/strong>, we take that burden off your shoulders.<\/p>\n<p class=\"translation-block\"><strong>Forget about hiring<\/strong> five different people: we offer you a complete, <strong>all-in-one solution.<\/strong>With our experts (Community Manager, Social Media Manager, Content Creator, and Graphic Designer),<strong>your brand will maintain a professional and engaging presence.<\/strong><\/p>\n<p class=\"translation-block\"><strong>Our solution?<\/strong> We generate and manage your digital support <strong>comprehensively<\/strong>, ensuring your investment translates into <a href=\"https:\/\/api.whatsapp.com\/send\/?phone=17272768625\" target=\"_self\"><strong> more clients and authority in your industry.<\/strong><\/p>\n<\/div><\/div><\/div><\/div><\/div><div class=\"vc_col-sm-6 wpb_column vc_column_container\"><div class=\"vc_column-inner\"><div class=\"wpb_wrapper\"><div class=\"w-image align_none\"><div class=\"w-image-h\"><img decoding=\"async\" width=\"1024\" height=\"683\" src=\"https:\/\/asistentevirtual.work\/wp-content\/uploads\/2025\/11\/pexels-tracy-le-blanc-67789-607812-1024x683.jpg\" class=\"attachment-large size-large\" alt=\"\" loading=\"lazy\" srcset=\"https:\/\/asistentevirtual.work\/wp-content\/uploads\/2025\/11\/pexels-tracy-le-blanc-67789-607812-1024x683.jpg 1024w, https:\/\/asistentevirtual.work\/wp-content\/uploads\/2025\/11\/pexels-tracy-le-blanc-67789-607812-300x200.jpg 300w, https:\/\/asistentevirtual.work\/wp-content\/uploads\/2025\/11\/pexels-tracy-le-blanc-67789-607812-scaled.jpg 240w\" sizes=\"auto, (max-width: 1024px) 100vw, 1024px\" \/><\/div><\/div><\/div><\/div><\/div><\/div><\/div><\/section>","protected":false},"excerpt":{"rendered":"Asistentes Virtuales Para Marketing\u00a1Sabemos que no tienes tiempo para redes! En AsistenteVirtual.Work, te quitamos esa carga. Olv\u00eddate de contratar a cinco personas: te ofrecemos una soluci\u00f3n completa. Con nuestros expertos (Community Manager, Social Media Manager, Creador de Contenido y Dise\u00f1ador Gr\u00e1fico), tu marca tendr\u00e1 presencia profesional y atractiva. \u00bfNuestra soluci\u00f3n? Generamos y gestionamos tu soporte...","protected":false},"author":5,"featured_media":0,"parent":0,"menu_order":0,"comment_status":"closed","ping_status":"closed","template":"","meta":{"footnotes":""},"class_list":["post-716","page","type-page","status-publish","hentry"],"_links":{"self":[{"href":"https:\/\/asistentevirtual.work\/en\/wp-json\/wp\/v2\/pages\/716","targetHints":{"allow":["GET"]}}],"collection":[{"href":"https:\/\/asistentevirtual.work\/en\/wp-json\/wp\/v2\/pages"}],"about":[{"href":"https:\/\/asistentevirtual.work\/en\/wp-json\/wp\/v2\/types\/page"}],"author":[{"embeddable":true,"href":"https:\/\/asistentevirtual.work\/en\/wp-json\/wp\/v2\/users\/5"}],"replies":[{"embeddable":true,"href":"https:\/\/asistentevirtual.work\/en\/wp-json\/wp\/v2\/comments?post=716"}],"version-history":[{"count":5,"href":"https:\/\/asistentevirtual.work\/en\/wp-json\/wp\/v2\/pages\/716\/revisions"}],"predecessor-version":[{"id":1296,"href":"https:\/\/asistentevirtual.work\/en\/wp-json\/wp\/v2\/pages\/716\/revisions\/1296"}],"wp:attachment":[{"href":"https:\/\/asistentevirtual.work\/en\/wp-json\/wp\/v2\/media?parent=716"}],"curies":[{"name":"wp","href":"https:\/\/api.w.org\/{rel}","templated":true}]}}