{"id":695,"date":"2025-11-18T10:21:02","date_gmt":"2025-11-18T15:21:02","guid":{"rendered":"https:\/\/asistentevirtual.work\/?page_id=695"},"modified":"2026-03-10T12:26:29","modified_gmt":"2026-03-10T17:26:29","slug":"puerto-rico","status":"publish","type":"page","link":"https:\/\/asistentevirtual.work\/en\/puerto-rico\/","title":{"rendered":"Puerto Rico"},"content":{"rendered":"<section class=\"l-section wpb_row height_small\"><div class=\"l-section-h i-cf\"><div class=\"g-cols vc_row via_flex valign_top type_default stacking_default\"><div class=\"vc_col-sm-6 wpb_column vc_column_container\"><div class=\"vc_column-inner\"><div class=\"wpb_wrapper\"><h1 class=\"w-text us_custom_d451a39b\"><span class=\"w-text-h\"><span class=\"w-text-value\">Virtual Assistant in Puerto Rico<\/span><\/span><\/h1><div class=\"wpb_text_column\"><div class=\"wpb_wrapper\"><p class=\"translation-block\">Do you need to  <strong>boost your brand<\/strong>without increasing your payroll? We know how demanding the <strong>Puerto Rican<\/strong>market is.<\/p>\n<p class=\"translation-block\">At <strong>AsistenteVirtual.Work<\/strong>, we offer the digital support you need, from customer service to lead generation.<\/p>\n<p class=\"translation-block\"><strong>The Solution:<\/strong>We provide an <strong>expert team ready<\/strong> to integrate into your business. <strong>Save time and resources<\/strong>while focusing on growth, knowing your digital strategy is in the hands of professionals with local knowledge. <a href=\"https:\/\/api.whatsapp.com\/send\/?phone=17272768625\" target=\"_self\"><strong>Let\u2019s talk today!<\/strong><\/a><\/p>\n<\/div><\/div><\/div><\/div><\/div><div class=\"vc_col-sm-6 wpb_column vc_column_container\"><div class=\"vc_column-inner\"><div class=\"wpb_wrapper\"><div class=\"w-image align_none\"><div class=\"w-image-h\"><img decoding=\"async\" width=\"1024\" height=\"682\" src=\"https:\/\/asistentevirtual.work\/wp-content\/uploads\/2025\/11\/san-juan-de-puerto-rico-la-fortaleza_e78961a6_240627155904_1280x853-1024x682.jpg\" class=\"attachment-large size-large\" alt=\"\" loading=\"lazy\" srcset=\"https:\/\/asistentevirtual.work\/wp-content\/uploads\/2025\/11\/san-juan-de-puerto-rico-la-fortaleza_e78961a6_240627155904_1280x853-1024x682.jpg 1024w, https:\/\/asistentevirtual.work\/wp-content\/uploads\/2025\/11\/san-juan-de-puerto-rico-la-fortaleza_e78961a6_240627155904_1280x853-300x200.jpg 300w, https:\/\/asistentevirtual.work\/wp-content\/uploads\/2025\/11\/san-juan-de-puerto-rico-la-fortaleza_e78961a6_240627155904_1280x853-scaled.jpg 240w\" sizes=\"auto, (max-width: 1024px) 100vw, 1024px\" \/><\/div><\/div><\/div><\/div><\/div><\/div><\/div><\/section>","protected":false},"excerpt":{"rendered":"Asistente Virtual en Pto. Rico\u00bfNecesitas impulsar tu marca sin aumentar tu n\u00f3mina? Sabemos lo exigente que es el mercado de Puerto Rico. Desde AsistenteVirtual.Work te ofrecemos el soporte digital que necesitas, soporte en atenci\u00f3n al cliente, generaci\u00f3n de leads . La Soluci\u00f3n: Te proporcionamos un equipo experto listo para integrarse a tu negocio. Ahorra tiempo...","protected":false},"author":5,"featured_media":0,"parent":0,"menu_order":0,"comment_status":"closed","ping_status":"closed","template":"","meta":{"footnotes":""},"class_list":["post-695","page","type-page","status-publish","hentry"],"_links":{"self":[{"href":"https:\/\/asistentevirtual.work\/en\/wp-json\/wp\/v2\/pages\/695","targetHints":{"allow":["GET"]}}],"collection":[{"href":"https:\/\/asistentevirtual.work\/en\/wp-json\/wp\/v2\/pages"}],"about":[{"href":"https:\/\/asistentevirtual.work\/en\/wp-json\/wp\/v2\/types\/page"}],"author":[{"embeddable":true,"href":"https:\/\/asistentevirtual.work\/en\/wp-json\/wp\/v2\/users\/5"}],"replies":[{"embeddable":true,"href":"https:\/\/asistentevirtual.work\/en\/wp-json\/wp\/v2\/comments?post=695"}],"version-history":[{"count":6,"href":"https:\/\/asistentevirtual.work\/en\/wp-json\/wp\/v2\/pages\/695\/revisions"}],"predecessor-version":[{"id":1293,"href":"https:\/\/asistentevirtual.work\/en\/wp-json\/wp\/v2\/pages\/695\/revisions\/1293"}],"wp:attachment":[{"href":"https:\/\/asistentevirtual.work\/en\/wp-json\/wp\/v2\/media?parent=695"}],"curies":[{"name":"wp","href":"https:\/\/api.w.org\/{rel}","templated":true}]}}