{"id":693,"date":"2025-11-18T10:20:37","date_gmt":"2025-11-18T15:20:37","guid":{"rendered":"https:\/\/asistentevirtual.work\/?page_id=693"},"modified":"2026-03-10T12:25:57","modified_gmt":"2026-03-10T17:25:57","slug":"miami","status":"publish","type":"page","link":"https:\/\/asistentevirtual.work\/en\/miami\/","title":{"rendered":"Miami"},"content":{"rendered":"<section class=\"l-section wpb_row height_small\"><div class=\"l-section-h i-cf\"><div class=\"g-cols vc_row via_flex valign_top type_default stacking_default\"><div class=\"vc_col-sm-6 wpb_column vc_column_container\"><div class=\"vc_column-inner\"><div class=\"wpb_wrapper\"><h1 class=\"w-text us_custom_d451a39b\"><span class=\"w-text-h\"><span class=\"w-text-value\">Virtual Assistant in Florida<\/span><\/span><\/h1><div class=\"wpb_text_column\"><div class=\"wpb_wrapper\"><p class=\"translation-block\">Looking for  bilingual,agile customer support with a growth mindset? Look no further!<\/p>\n<p class=\"translation-block\">At <strong>AsistenteVirtual.Work<\/strong>, we operate from  <strong>Florida<\/strong>, allowing us to offer an immediate cultural and time-zone connection with the <strong>U.S. and Latin American markets<\/strong>.<\/p>\n<p class=\"translation-block\">Our virtual assistants are ready to <strong>elevate your customer experience<\/strong> to a premium level.<\/p>\n<p class=\"translation-block\">The solution is simple: outsource your support with us and focus on what you do best: <a href=\"https:\/\/api.whatsapp.com\/send\/?phone=17272768625\" target=\"_self\"><strong>growing your business!<\/strong><\/a><\/p>\n<\/div><\/div><\/div><\/div><\/div><div class=\"vc_col-sm-6 wpb_column vc_column_container\"><div class=\"vc_column-inner\"><div class=\"wpb_wrapper\"><div class=\"w-image align_none\"><div class=\"w-image-h\"><img decoding=\"async\" width=\"1024\" height=\"664\" src=\"https:\/\/asistentevirtual.work\/wp-content\/uploads\/2025\/11\/Virgin_Atlantic_Cruise_Ship_and_Cruise_Terminal_Miami_Florida_June_2023_-3-1024x664.jpg\" class=\"attachment-large size-large\" alt=\"\" loading=\"lazy\" srcset=\"https:\/\/asistentevirtual.work\/wp-content\/uploads\/2025\/11\/Virgin_Atlantic_Cruise_Ship_and_Cruise_Terminal_Miami_Florida_June_2023_-3-1024x664.jpg 1024w, https:\/\/asistentevirtual.work\/wp-content\/uploads\/2025\/11\/Virgin_Atlantic_Cruise_Ship_and_Cruise_Terminal_Miami_Florida_June_2023_-3-300x195.jpg 300w, https:\/\/asistentevirtual.work\/wp-content\/uploads\/2025\/11\/Virgin_Atlantic_Cruise_Ship_and_Cruise_Terminal_Miami_Florida_June_2023_-3-scaled.jpg 240w\" sizes=\"auto, (max-width: 1024px) 100vw, 1024px\" \/><\/div><\/div><\/div><\/div><\/div><\/div><\/div><\/section>","protected":false},"excerpt":{"rendered":"Asistente Virtual en Florida\u00bfBuscas un servicio de soporte al cliente biling\u00fce, \u00e1gil y con mentalidad de crecimiento? \u00a1Deja de buscar! En AsistenteVirtual.Work, operamos desde Florida, lo que nos permite ofrecerte una conexi\u00f3n cultural y horaria inmediata con el mercado de EE. UU. y Latinoam\u00e9rica. Nuestros asistentes virtuales est\u00e1n listos para elevar la experiencia de tus...","protected":false},"author":5,"featured_media":0,"parent":0,"menu_order":0,"comment_status":"closed","ping_status":"closed","template":"","meta":{"footnotes":""},"class_list":["post-693","page","type-page","status-publish","hentry"],"_links":{"self":[{"href":"https:\/\/asistentevirtual.work\/en\/wp-json\/wp\/v2\/pages\/693","targetHints":{"allow":["GET"]}}],"collection":[{"href":"https:\/\/asistentevirtual.work\/en\/wp-json\/wp\/v2\/pages"}],"about":[{"href":"https:\/\/asistentevirtual.work\/en\/wp-json\/wp\/v2\/types\/page"}],"author":[{"embeddable":true,"href":"https:\/\/asistentevirtual.work\/en\/wp-json\/wp\/v2\/users\/5"}],"replies":[{"embeddable":true,"href":"https:\/\/asistentevirtual.work\/en\/wp-json\/wp\/v2\/comments?post=693"}],"version-history":[{"count":5,"href":"https:\/\/asistentevirtual.work\/en\/wp-json\/wp\/v2\/pages\/693\/revisions"}],"predecessor-version":[{"id":1292,"href":"https:\/\/asistentevirtual.work\/en\/wp-json\/wp\/v2\/pages\/693\/revisions\/1292"}],"wp:attachment":[{"href":"https:\/\/asistentevirtual.work\/en\/wp-json\/wp\/v2\/media?parent=693"}],"curies":[{"name":"wp","href":"https:\/\/api.w.org\/{rel}","templated":true}]}}