{"id":691,"date":"2025-11-18T10:19:56","date_gmt":"2025-11-18T15:19:56","guid":{"rendered":"https:\/\/asistentevirtual.work\/?page_id=691"},"modified":"2026-03-10T12:20:39","modified_gmt":"2026-03-10T17:20:39","slug":"texas","status":"publish","type":"page","link":"https:\/\/asistentevirtual.work\/en\/texas\/","title":{"rendered":"Texas"},"content":{"rendered":"<section class=\"l-section wpb_row height_small\"><div class=\"l-section-h i-cf\"><div class=\"g-cols vc_row via_flex valign_top type_default stacking_default\"><div class=\"vc_col-sm-6 wpb_column vc_column_container\"><div class=\"vc_column-inner\"><div class=\"wpb_wrapper\"><h1 class=\"w-text us_custom_d451a39b\"><span class=\"w-text-h\"><span class=\"w-text-value\">Virtual Assistant in Texas<\/span><\/span><\/h1><div class=\"wpb_text_column\"><div class=\"wpb_wrapper\"><p class=\"translation-block\">Do you need digital  <strong>marketing support that <\/strong>understands your time zone and culture?<strong>We are in Texas!<\/strong><\/p>\n<p class=\"translation-block\">At <strong>AsistenteVirtual.Work<\/strong>, we combine remote work efficiency with local connection. <strong>Our team of experts<\/strong> (Social Media, Content, Design) is ready to  <strong>boost your brand<\/strong> without delays or language barriers.<\/p>\n<p class=\"translation-block\"><strong>Our Solution:<\/strong> A comprehensive and localized digital support service that allows you to focus on your business growth in the local market. <a href=\"https:\/\/api.whatsapp.com\/send\/?phone=17272768625\" target=\"_self\"><strong>Let\u2019s talk about your strategy!<\/strong><\/a><\/p>\n<\/div><\/div><\/div><\/div><\/div><div class=\"vc_col-sm-6 wpb_column vc_column_container\"><div class=\"vc_column-inner\"><div class=\"wpb_wrapper\"><div class=\"w-image align_none\"><div class=\"w-image-h\"><img decoding=\"async\" width=\"1024\" height=\"512\" src=\"https:\/\/asistentevirtual.work\/wp-content\/uploads\/2025\/11\/Downtown_Houston_TX_Skyline_-_2018-1024x512.jpg\" class=\"attachment-large size-large\" alt=\"\" loading=\"lazy\" srcset=\"https:\/\/asistentevirtual.work\/wp-content\/uploads\/2025\/11\/Downtown_Houston_TX_Skyline_-_2018-1024x512.jpg 1024w, https:\/\/asistentevirtual.work\/wp-content\/uploads\/2025\/11\/Downtown_Houston_TX_Skyline_-_2018-300x150.jpg 300w, https:\/\/asistentevirtual.work\/wp-content\/uploads\/2025\/11\/Downtown_Houston_TX_Skyline_-_2018-scaled.jpg 240w\" sizes=\"auto, (max-width: 1024px) 100vw, 1024px\" \/><\/div><\/div><\/div><\/div><\/div><\/div><\/div><\/section>","protected":false},"excerpt":{"rendered":"Asistente Virtual en Texas\u00bfNecesitas soporte de marketing digital que entienda tu zona horaria y cultura? \u00a1Estamos en Texas! En AsistenteVirtual.Work, combinamos la eficiencia del trabajo remoto con la conexi\u00f3n local. Nuestro equipo de expertos (Social Media, Contenido, Dise\u00f1o) est\u00e1 listo para impulsar tu marca sin desfases ni barreras de idioma. Nuestra Soluci\u00f3n: Un servicio de...","protected":false},"author":5,"featured_media":0,"parent":0,"menu_order":0,"comment_status":"closed","ping_status":"closed","template":"","meta":{"footnotes":""},"class_list":["post-691","page","type-page","status-publish","hentry"],"_links":{"self":[{"href":"https:\/\/asistentevirtual.work\/en\/wp-json\/wp\/v2\/pages\/691","targetHints":{"allow":["GET"]}}],"collection":[{"href":"https:\/\/asistentevirtual.work\/en\/wp-json\/wp\/v2\/pages"}],"about":[{"href":"https:\/\/asistentevirtual.work\/en\/wp-json\/wp\/v2\/types\/page"}],"author":[{"embeddable":true,"href":"https:\/\/asistentevirtual.work\/en\/wp-json\/wp\/v2\/users\/5"}],"replies":[{"embeddable":true,"href":"https:\/\/asistentevirtual.work\/en\/wp-json\/wp\/v2\/comments?post=691"}],"version-history":[{"count":6,"href":"https:\/\/asistentevirtual.work\/en\/wp-json\/wp\/v2\/pages\/691\/revisions"}],"predecessor-version":[{"id":1291,"href":"https:\/\/asistentevirtual.work\/en\/wp-json\/wp\/v2\/pages\/691\/revisions\/1291"}],"wp:attachment":[{"href":"https:\/\/asistentevirtual.work\/en\/wp-json\/wp\/v2\/media?parent=691"}],"curies":[{"name":"wp","href":"https:\/\/api.w.org\/{rel}","templated":true}]}}